{"id":19797,"date":"2023-02-22T09:44:29","date_gmt":"2023-02-22T09:44:29","guid":{"rendered":"http:\/\/iammagda.com\/?page_id=19797"},"modified":"2023-03-20T13:06:40","modified_gmt":"2023-03-20T13:06:40","slug":"praktyka-prawnicza","status":"publish","type":"page","link":"https:\/\/www.iammagda.com\/en\/praktyka-prawnicza\/","title":{"rendered":"Legal practice"},"content":{"rendered":"<div data-elementor-type=\"wp-page\" data-elementor-id=\"19797\" class=\"elementor elementor-19797\">\n\t\t\t\t\t\t\t\t\t<section class=\"elementor-section elementor-top-section elementor-element elementor-element-8f94eae elementor-section-boxed elementor-section-height-default elementor-section-height-default sc_fly_static\" data-id=\"8f94eae\" data-element_type=\"section\">\n\t\t\t\t\t\t<div class=\"elementor-container elementor-column-gap-extended\">\n\t\t\t\t\t<div class=\"elementor-column elementor-col-100 elementor-top-column elementor-element elementor-element-c383205 sc_inner_width_none sc_content_align_inherit sc_layouts_column_icons_position_left sc_fly_static\" data-id=\"c383205\" data-element_type=\"column\">\n\t\t\t<div class=\"elementor-widget-wrap elementor-element-populated\">\n\t\t\t\t\t\t\t\t<div class=\"elementor-element elementor-element-90294bb sc_height_huge sc_fly_static elementor-widget elementor-widget-spacer\" data-id=\"90294bb\" data-element_type=\"widget\" data-widget_type=\"spacer.default\">\n\t\t\t\t<div class=\"elementor-widget-container\">\n\t\t\t\t\t<div class=\"elementor-spacer\">\n\t\t\t<div class=\"elementor-spacer-inner\"><\/div>\n\t\t<\/div>\n\t\t\t\t<\/div>\n\t\t\t\t<\/div>\n\t\t\t\t\t<\/div>\n\t\t<\/div>\n\t\t\t\t\t\t\t<\/div>\n\t\t<\/section>\n\t\t\t\t<section class=\"elementor-section elementor-top-section elementor-element elementor-element-e3c01c9 elementor-section-content-middle elementor-section-boxed elementor-section-height-default elementor-section-height-default sc_fly_static\" data-id=\"e3c01c9\" data-element_type=\"section\">\n\t\t\t\t\t\t<div class=\"elementor-container elementor-column-gap-extended\">\n\t\t\t\t\t<div class=\"elementor-column elementor-col-50 elementor-top-column elementor-element elementor-element-8a1137f sc_inner_width_none sc_content_align_inherit sc_layouts_column_icons_position_left sc_fly_static\" data-id=\"8a1137f\" data-element_type=\"column\">\n\t\t\t<div class=\"elementor-widget-wrap elementor-element-populated\">\n\t\t\t\t\t\t\t\t<div class=\"elementor-element elementor-element-b94a05a no-title sc_fly_static elementor-widget elementor-widget-image\" data-id=\"b94a05a\" data-element_type=\"widget\" data-widget_type=\"image.default\">\n\t\t\t\t<div class=\"elementor-widget-container\">\n\t\t\t\t\t\t\t\t\t\t\t\t\t\t\t<img decoding=\"async\" width=\"1200\" height=\"1798\" src=\"https:\/\/www.iammagda.com\/wp-content\/uploads\/2023\/02\/magda-law-2.jpg\" class=\"attachment-full size-full wp-image-19801\" alt=\"\" srcset=\"https:\/\/www.iammagda.com\/wp-content\/uploads\/2023\/02\/magda-law-2.jpg 1200w, https:\/\/www.iammagda.com\/wp-content\/uploads\/2023\/02\/magda-law-2-200x300.jpg 200w, https:\/\/www.iammagda.com\/wp-content\/uploads\/2023\/02\/magda-law-2-683x1024.jpg 683w, https:\/\/www.iammagda.com\/wp-content\/uploads\/2023\/02\/magda-law-2-768x1151.jpg 768w, https:\/\/www.iammagda.com\/wp-content\/uploads\/2023\/02\/magda-law-2-1025x1536.jpg 1025w, https:\/\/www.iammagda.com\/wp-content\/uploads\/2023\/02\/magda-law-2-370x554.jpg 370w, https:\/\/www.iammagda.com\/wp-content\/uploads\/2023\/02\/magda-law-2-840x1259.jpg 840w, https:\/\/www.iammagda.com\/wp-content\/uploads\/2023\/02\/magda-law-2-410x614.jpg 410w\" sizes=\"(max-width: 1200px) 100vw, 1200px\" \/>\t\t\t\t\t\t\t\t\t\t\t\t\t\t\t<\/div>\n\t\t\t\t<\/div>\n\t\t\t\t\t<\/div>\n\t\t<\/div>\n\t\t\t\t<div class=\"elementor-column elementor-col-50 elementor-top-column elementor-element elementor-element-77d9670 sc_inner_width_none sc_content_align_inherit sc_layouts_column_icons_position_left sc_fly_static\" data-id=\"77d9670\" data-element_type=\"column\">\n\t\t\t<div class=\"elementor-widget-wrap elementor-element-populated\">\n\t\t\t\t\t\t\t\t<div class=\"elementor-element elementor-element-c7140ca sc_layouts_hide_on_wide sc_layouts_hide_on_desktop sc_layouts_hide_on_notebook sc_layouts_hide_on_tablet sc_fly_static elementor-widget elementor-widget-spacer\" data-id=\"c7140ca\" data-element_type=\"widget\" data-widget_type=\"spacer.default\">\n\t\t\t\t<div class=\"elementor-widget-container\">\n\t\t\t\t\t<div class=\"elementor-spacer\">\n\t\t\t<div class=\"elementor-spacer-inner\"><\/div>\n\t\t<\/div>\n\t\t\t\t<\/div>\n\t\t\t\t<\/div>\n\t\t\t\t<div class=\"elementor-element elementor-element-3caec51 sc_fly_static elementor-widget elementor-widget-trx_sc_title\" data-id=\"3caec51\" data-element_type=\"widget\" data-widget_type=\"trx_sc_title.default\">\n\t\t\t\t<div class=\"elementor-widget-container\">\n\t\t\t<div\t\tclass=\"sc_title sc_title_default\" ><span class=\"sc_item_subtitle sc_title_subtitle sc_item_subtitle_above sc_item_title_style_default\">LAW<\/span><h1 class=\"sc_item_title sc_title_title sc_item_title_style_default sc_item_title_tag\"\n\t\t\t><span class=\"sc_item_title_text\">Legal practice <\/span><\/h1><\/div>\t\t<\/div>\n\t\t\t\t<\/div>\n\t\t\t\t<div class=\"elementor-element elementor-element-ee4a142 sc_fly_static elementor-widget elementor-widget-spacer\" data-id=\"ee4a142\" data-element_type=\"widget\" data-widget_type=\"spacer.default\">\n\t\t\t\t<div class=\"elementor-widget-container\">\n\t\t\t\t\t<div class=\"elementor-spacer\">\n\t\t\t<div class=\"elementor-spacer-inner\"><\/div>\n\t\t<\/div>\n\t\t\t\t<\/div>\n\t\t\t\t<\/div>\n\t\t\t\t<section class=\"elementor-section elementor-inner-section elementor-element elementor-element-88ee678 elementor-section-boxed elementor-section-height-default elementor-section-height-default animation_type_block sc_fly_static elementor-invisible\" data-id=\"88ee678\" data-element_type=\"section\" data-settings=\"{&quot;animation&quot;:&quot;fadeInUp&quot;,&quot;animation_delay&quot;:0}\">\n\t\t\t\t\t\t<div class=\"elementor-container elementor-column-gap-no\">\n\t\t\t\t\t<div class=\"elementor-column elementor-col-100 elementor-inner-column elementor-element elementor-element-fc1d3dd sc_inner_width_none sc_content_align_inherit sc_layouts_column_icons_position_left sc_fly_static\" data-id=\"fc1d3dd\" data-element_type=\"column\">\n\t\t\t<div class=\"elementor-widget-wrap elementor-element-populated\">\n\t\t\t\t\t\t\t\t<div class=\"elementor-element elementor-element-2ae3d5d sc_fly_static elementor-widget elementor-widget-spacer\" data-id=\"2ae3d5d\" data-element_type=\"widget\" data-widget_type=\"spacer.default\">\n\t\t\t\t<div class=\"elementor-widget-container\">\n\t\t\t\t\t<div class=\"elementor-spacer\">\n\t\t\t<div class=\"elementor-spacer-inner\"><\/div>\n\t\t<\/div>\n\t\t\t\t<\/div>\n\t\t\t\t<\/div>\n\t\t\t\t<div class=\"elementor-element elementor-element-9702d8d sc_fly_static elementor-widget elementor-widget-spacer\" data-id=\"9702d8d\" data-element_type=\"widget\" data-widget_type=\"spacer.default\">\n\t\t\t\t<div class=\"elementor-widget-container\">\n\t\t\t\t\t<div class=\"elementor-spacer\">\n\t\t\t<div class=\"elementor-spacer-inner\"><\/div>\n\t\t<\/div>\n\t\t\t\t<\/div>\n\t\t\t\t<\/div>\n\t\t\t\t<div class=\"elementor-element elementor-element-6a11da5 sc_fly_static elementor-widget elementor-widget-text-editor\" data-id=\"6a11da5\" data-element_type=\"widget\" data-widget_type=\"text-editor.default\">\n\t\t\t\t<div class=\"elementor-widget-container\">\n\t\t\t\t\t\t\t<p>For years, I have been providing broadly understood legal assistance and services in the fields of Polish, European, international and American laws, in both Polish and English languages. I have been working with law firms, attorneys (Polish and foreign), as well as legal and natural persons.<\/p><p>I hold a PhD degree in Law (University of Warsaw) and passed the Bar Exam at the Warsaw Bar Association.<\/p>\t\t\t\t\t\t<\/div>\n\t\t\t\t<\/div>\n\t\t\t\t\t<\/div>\n\t\t<\/div>\n\t\t\t\t\t\t\t<\/div>\n\t\t<\/section>\n\t\t\t\t\t<\/div>\n\t\t<\/div>\n\t\t\t\t\t\t\t<\/div>\n\t\t<\/section>\n\t\t\t\t<section class=\"elementor-section elementor-top-section elementor-element elementor-element-3eae1cb elementor-section-boxed elementor-section-height-default elementor-section-height-default sc_fly_static\" data-id=\"3eae1cb\" data-element_type=\"section\">\n\t\t\t\t\t\t<div class=\"elementor-container elementor-column-gap-extended\">\n\t\t\t\t\t<div class=\"elementor-column elementor-col-100 elementor-top-column elementor-element elementor-element-f8f71a6 sc_inner_width_none sc_content_align_inherit sc_layouts_column_icons_position_left sc_fly_static\" data-id=\"f8f71a6\" data-element_type=\"column\">\n\t\t\t<div class=\"elementor-widget-wrap elementor-element-populated\">\n\t\t\t\t\t\t\t\t<div class=\"elementor-element elementor-element-d4970c2 sc_height_huge sc_fly_static elementor-widget elementor-widget-spacer\" data-id=\"d4970c2\" data-element_type=\"widget\" data-widget_type=\"spacer.default\">\n\t\t\t\t<div class=\"elementor-widget-container\">\n\t\t\t\t\t<div class=\"elementor-spacer\">\n\t\t\t<div class=\"elementor-spacer-inner\"><\/div>\n\t\t<\/div>\n\t\t\t\t<\/div>\n\t\t\t\t<\/div>\n\t\t\t\t\t<\/div>\n\t\t<\/div>\n\t\t\t\t\t\t\t<\/div>\n\t\t<\/section>\n\t\t\t\t\t\t\t<\/div>","protected":false},"excerpt":{"rendered":"<p>PRAWO Praktyka prawnicza Od lat \u015bwiadcz\u0119 szeroko rozumian\u0105 pomoc prawn\u0105 w zakresie prawa polskiego, unijnego i mi\u0119dzynarodowego oraz ameryka\u0144skiego, w j\u0119zykach polskim i angielskim. Wsp\u00f3\u0142pracuj\u0119 z kancelariami prawnymi, adwokatami (polskimi&hellip;<\/p>","protected":false},"author":1,"featured_media":0,"parent":0,"menu_order":0,"comment_status":"closed","ping_status":"closed","template":"","meta":{"footnotes":""},"class_list":["post-19797","page","type-page","status-publish","hentry"],"_links":{"self":[{"href":"https:\/\/www.iammagda.com\/en\/wp-json\/wp\/v2\/pages\/19797","targetHints":{"allow":["GET"]}}],"collection":[{"href":"https:\/\/www.iammagda.com\/en\/wp-json\/wp\/v2\/pages"}],"about":[{"href":"https:\/\/www.iammagda.com\/en\/wp-json\/wp\/v2\/types\/page"}],"author":[{"embeddable":true,"href":"https:\/\/www.iammagda.com\/en\/wp-json\/wp\/v2\/users\/1"}],"replies":[{"embeddable":true,"href":"https:\/\/www.iammagda.com\/en\/wp-json\/wp\/v2\/comments?post=19797"}],"version-history":[{"count":7,"href":"https:\/\/www.iammagda.com\/en\/wp-json\/wp\/v2\/pages\/19797\/revisions"}],"predecessor-version":[{"id":20023,"href":"https:\/\/www.iammagda.com\/en\/wp-json\/wp\/v2\/pages\/19797\/revisions\/20023"}],"wp:attachment":[{"href":"https:\/\/www.iammagda.com\/en\/wp-json\/wp\/v2\/media?parent=19797"}],"curies":[{"name":"wp","href":"https:\/\/api.w.org\/{rel}","templated":true}]}}